{"id":1817,"date":"2026-01-03T10:53:01","date_gmt":"2026-01-03T13:53:01","guid":{"rendered":"https:\/\/www.parqueacuaticoantu.cl\/web\/?page_id=1817"},"modified":"2026-01-04T09:25:40","modified_gmt":"2026-01-04T12:25:40","slug":"formulario-revision","status":"publish","type":"page","link":"https:\/\/www.parqueacuaticoantu.cl\/web\/formulario-revision\/","title":{"rendered":"Formulario revision"},"content":{"rendered":"<section class=\"l-section wpb_row height_large\"><div class=\"l-section-h i-cf\"><div class=\"g-cols vc_row via_grid cols_1-4-1 laptops-cols_inherit tablets-cols_inherit mobiles-cols_1 valign_top type_default stacking_default\"><div class=\"wpb_column vc_column_container\"><div class=\"vc_column-inner\"><\/div><\/div><div class=\"wpb_column vc_column_container\"><div class=\"vc_column-inner\"><h3 class=\"w-text icon_atleft\"><span class=\"w-text-h\"><i class=\"far fa-plus\"><\/i><span class=\"w-text-value\">Revisi\u00f3n de Casos Ticketera<\/span><\/span><\/h3><div class=\"w-separator size_small with_line width_50 thick_1 style_solid color_border align_center\"><div class=\"w-separator-h\"><\/div><\/div><div class=\"w-message color_red with_icon\"><div class=\"w-message-icon\"><i class=\"far fa-exclamation-triangle\"><\/i><\/div><div class=\"w-message-body\"><p>No se hace devoluci\u00f3n de dinero, ni cambio de fecha por la no utilizaci\u00f3n del E-ticket para el d\u00eda en que se compr\u00f3.<\/p>\n<\/div><\/div><div class=\"w-separator size_small with_line width_50 thick_1 style_solid color_border align_center\"><div class=\"w-separator-h\"><\/div><\/div><div class=\"wpb_text_column\"><div class=\"wpb_wrapper\"><ul>\n<li>Es de exclusiva responsabilidad del cliente haber proporcionado la informaci\u00f3n correcta durante el proceso de su compra.<\/li>\n<li>Este formulario es para resolver dudas respecto a las compras realizadas en la ticketera www.ticketantu.cl del Parque Acu\u00e1tico Antu de Quill\u00f3n.<\/li>\n<li>El plazo de soluci\u00f3n de los casos tendr\u00e1 un plazo de 5-6 horas habiles.<\/li>\n<li>Debe proporcionar toda la informaci\u00f3n solicitada para ayudar a resolver su problema, se responder\u00e1 mediante correo electr\u00f3nico.<\/li>\n<li>Las compras realizadas con debito o cr\u00e9dito requieren una validaci\u00f3n de 48 horas.<\/li>\n<\/ul>\n<\/div><\/div><div class=\"w-separator size_small with_line width_50 thick_1 style_solid color_border align_center\"><div class=\"w-separator-h\"><\/div><\/div>\n<div class=\"wpcf7 no-js\" id=\"wpcf7-f1816-o1\" lang=\"es-CL\" dir=\"ltr\" data-wpcf7-id=\"1816\">\n<div class=\"screen-reader-response\"><p role=\"status\" aria-live=\"polite\" aria-atomic=\"true\"><\/p> <ul><\/ul><\/div>\n<form action=\"\/web\/wp-json\/wp\/v2\/pages\/1817#wpcf7-f1816-o1\" method=\"post\" class=\"wpcf7-form init\" aria-label=\"Formulario de contacto\" enctype=\"multipart\/form-data\" novalidate=\"novalidate\" data-status=\"init\">\n<fieldset class=\"hidden-fields-container\"><input type=\"hidden\" name=\"_wpcf7\" value=\"1816\" \/><input type=\"hidden\" name=\"_wpcf7_version\" value=\"6.1.5\" \/><input type=\"hidden\" name=\"_wpcf7_locale\" value=\"es_CL\" \/><input type=\"hidden\" name=\"_wpcf7_unit_tag\" value=\"wpcf7-f1816-o1\" \/><input type=\"hidden\" name=\"_wpcf7_container_post\" value=\"0\" \/><input type=\"hidden\" name=\"_wpcf7_posted_data_hash\" value=\"\" \/>\n<\/fieldset>\n<p><label><span class=\"wpcf7-form-control-wrap\" data-name=\"your-name\"><input size=\"40\" maxlength=\"400\" class=\"wpcf7-form-control wpcf7-text wpcf7-validates-as-required\" aria-required=\"true\" aria-invalid=\"false\" placeholder=\"Nombre Apellido de comprador\" value=\"\" type=\"text\" name=\"your-name\" \/><\/span> <\/label>\n<\/p>\n<p><label><span class=\"wpcf7-form-control-wrap\" data-name=\"your-email\"><input size=\"40\" maxlength=\"400\" class=\"wpcf7-form-control wpcf7-email wpcf7-validates-as-required wpcf7-text wpcf7-validates-as-email\" aria-required=\"true\" aria-invalid=\"false\" placeholder=\"Correo Electr\u00f3nico de comprador\" value=\"\" type=\"email\" name=\"your-email\" \/><\/span> <\/label>\n<\/p>\n<p><label><span class=\"wpcf7-form-control-wrap\" data-name=\"your-telefono\"><input size=\"40\" maxlength=\"400\" class=\"wpcf7-form-control wpcf7-text wpcf7-validates-as-required\" aria-required=\"true\" aria-invalid=\"false\" placeholder=\"Indicar Whatsapp +569\" value=\"\" type=\"text\" name=\"your-telefono\" \/><\/span> <\/label>\n<\/p>\n<p><label><span class=\"wpcf7-form-control-wrap\" data-name=\"your-rut\"><input size=\"40\" maxlength=\"400\" class=\"wpcf7-form-control wpcf7-text wpcf7-validates-as-required\" aria-required=\"true\" aria-invalid=\"false\" placeholder=\"Indicar RUT de comprador\" value=\"\" type=\"text\" name=\"your-rut\" \/><\/span> <\/label>\n<\/p>\n<p><label><span class=\"wpcf7-form-control-wrap\" data-name=\"your-diacompra\"><input size=\"40\" maxlength=\"400\" class=\"wpcf7-form-control wpcf7-text wpcf7-validates-as-required\" aria-required=\"true\" aria-invalid=\"false\" placeholder=\"A que dia corresponde la compra de su ticket (su visita)\" value=\"\" type=\"text\" name=\"your-diacompra\" \/><\/span> <\/label>\n<\/p>\n<p><label><span class=\"wpcf7-form-control-wrap\" data-name=\"your-pedido\"><input size=\"40\" maxlength=\"400\" class=\"wpcf7-form-control wpcf7-text wpcf7-validates-as-required\" aria-required=\"true\" aria-invalid=\"false\" placeholder=\"Numero Compra \/ Pedido\" value=\"\" type=\"text\" name=\"your-pedido\" \/><\/span> <\/label>\n<\/p>\n<p><label> Adjuntar JPEG PNG JPG de compra (1 archivo) <span class=\"wpcf7-form-control-wrap\" data-name=\"file-829\"><input size=\"40\" class=\"wpcf7-form-control wpcf7-file wpcf7-validates-as-required\" accept=\"audio\/*,video\/*,image\/*\" aria-required=\"true\" aria-invalid=\"false\" type=\"file\" name=\"file-829\" \/><\/span><\/label>\n<\/p>\n<p><label><span class=\"wpcf7-form-control-wrap\" data-name=\"your-message\"><textarea cols=\"40\" rows=\"10\" maxlength=\"2000\" class=\"wpcf7-form-control wpcf7-textarea\" aria-invalid=\"false\" name=\"your-message\">Indicar detalles de su solicitud<\/textarea><\/span> <\/label>\n<\/p>\n<p><input class=\"wpcf7-form-control wpcf7-submit has-spinner\" type=\"submit\" value=\"Enviar a Solicitud\" \/>\n<\/p><div class=\"wpcf7-response-output\" aria-hidden=\"true\"><\/div>\n<\/form>\n<\/div>\n<\/div><\/div><div class=\"wpb_column vc_column_container\"><div class=\"vc_column-inner\"><\/div><\/div><\/div><\/div><\/section>\n","protected":false},"excerpt":{"rendered":"Revisi\u00f3n de Casos TicketeraNo se hace devoluci\u00f3n de dinero, ni cambio de fecha por la no utilizaci\u00f3n del E-ticket para el d\u00eda en que se compr\u00f3. Es de exclusiva responsabilidad del cliente haber proporcionado la informaci\u00f3n correcta durante el proceso de su compra. Este formulario es para resolver dudas respecto a las compras realizadas en...","protected":false},"author":1,"featured_media":0,"parent":0,"menu_order":0,"comment_status":"closed","ping_status":"closed","template":"","meta":{"footnotes":""},"class_list":["post-1817","page","type-page","status-publish","hentry"],"yoast_head":"<!-- This site is optimized with the Yoast SEO plugin v27.4 - https:\/\/yoast.com\/product\/yoast-seo-wordpress\/ -->\n<title>Formulario revision - Parque Acuatico Antu de Quillon Piscinas y Toboganes<\/title>\n<meta name=\"robots\" content=\"index, follow, max-snippet:-1, max-image-preview:large, max-video-preview:-1\" \/>\n<link rel=\"canonical\" href=\"https:\/\/www.parqueacuaticoantu.cl\/web\/formulario-revision\/\" \/>\n<meta property=\"og:locale\" content=\"es_ES\" \/>\n<meta property=\"og:type\" content=\"article\" \/>\n<meta property=\"og:title\" content=\"Formulario revision - Parque Acuatico Antu de Quillon Piscinas y Toboganes\" \/>\n<meta property=\"og:url\" content=\"https:\/\/www.parqueacuaticoantu.cl\/web\/formulario-revision\/\" \/>\n<meta property=\"og:site_name\" content=\"Parque Acuatico Antu de Quillon Piscinas y Toboganes\" \/>\n<meta property=\"article:modified_time\" content=\"2026-01-04T12:25:40+00:00\" \/>\n<meta name=\"twitter:card\" content=\"summary_large_image\" \/>\n<meta name=\"twitter:label1\" content=\"Tiempo estimado de lectura\" \/>\n\t<meta name=\"twitter:data1\" content=\"1 minuto\" \/>\n<script type=\"application\/ld+json\" class=\"yoast-schema-graph\">{\"@context\":\"https:\\\/\\\/schema.org\",\"@graph\":[{\"@type\":\"WebPage\",\"@id\":\"https:\\\/\\\/www.parqueacuaticoantu.cl\\\/web\\\/formulario-revision\\\/\",\"url\":\"https:\\\/\\\/www.parqueacuaticoantu.cl\\\/web\\\/formulario-revision\\\/\",\"name\":\"Formulario revision - Parque Acuatico Antu de Quillon Piscinas y Toboganes\",\"isPartOf\":{\"@id\":\"https:\\\/\\\/www.parqueacuaticoantu.cl\\\/web\\\/#website\"},\"datePublished\":\"2026-01-03T13:53:01+00:00\",\"dateModified\":\"2026-01-04T12:25:40+00:00\",\"breadcrumb\":{\"@id\":\"https:\\\/\\\/www.parqueacuaticoantu.cl\\\/web\\\/formulario-revision\\\/#breadcrumb\"},\"inLanguage\":\"es-CL\",\"potentialAction\":[{\"@type\":\"ReadAction\",\"target\":[\"https:\\\/\\\/www.parqueacuaticoantu.cl\\\/web\\\/formulario-revision\\\/\"]}]},{\"@type\":\"BreadcrumbList\",\"@id\":\"https:\\\/\\\/www.parqueacuaticoantu.cl\\\/web\\\/formulario-revision\\\/#breadcrumb\",\"itemListElement\":[{\"@type\":\"ListItem\",\"position\":1,\"name\":\"Portada\",\"item\":\"https:\\\/\\\/www.parqueacuaticoantu.cl\\\/web\\\/\"},{\"@type\":\"ListItem\",\"position\":2,\"name\":\"Formulario revision\"}]},{\"@type\":\"WebSite\",\"@id\":\"https:\\\/\\\/www.parqueacuaticoantu.cl\\\/web\\\/#website\",\"url\":\"https:\\\/\\\/www.parqueacuaticoantu.cl\\\/web\\\/\",\"name\":\"Parque Acuatico Antu de Quillon Piscinas y Toboganes\",\"description\":\"Otro sitio de WordPress\",\"potentialAction\":[{\"@type\":\"SearchAction\",\"target\":{\"@type\":\"EntryPoint\",\"urlTemplate\":\"https:\\\/\\\/www.parqueacuaticoantu.cl\\\/web\\\/?s={search_term_string}\"},\"query-input\":{\"@type\":\"PropertyValueSpecification\",\"valueRequired\":true,\"valueName\":\"search_term_string\"}}],\"inLanguage\":\"es-CL\"}]}<\/script>\n<!-- \/ Yoast SEO plugin. -->","yoast_head_json":{"title":"Formulario revision - Parque Acuatico Antu de Quillon Piscinas y Toboganes","robots":{"index":"index","follow":"follow","max-snippet":"max-snippet:-1","max-image-preview":"max-image-preview:large","max-video-preview":"max-video-preview:-1"},"canonical":"https:\/\/www.parqueacuaticoantu.cl\/web\/formulario-revision\/","og_locale":"es_ES","og_type":"article","og_title":"Formulario revision - Parque Acuatico Antu de Quillon Piscinas y Toboganes","og_url":"https:\/\/www.parqueacuaticoantu.cl\/web\/formulario-revision\/","og_site_name":"Parque Acuatico Antu de Quillon Piscinas y Toboganes","article_modified_time":"2026-01-04T12:25:40+00:00","twitter_card":"summary_large_image","twitter_misc":{"Tiempo estimado de lectura":"1 minuto"},"schema":{"@context":"https:\/\/schema.org","@graph":[{"@type":"WebPage","@id":"https:\/\/www.parqueacuaticoantu.cl\/web\/formulario-revision\/","url":"https:\/\/www.parqueacuaticoantu.cl\/web\/formulario-revision\/","name":"Formulario revision - Parque Acuatico Antu de Quillon Piscinas y Toboganes","isPartOf":{"@id":"https:\/\/www.parqueacuaticoantu.cl\/web\/#website"},"datePublished":"2026-01-03T13:53:01+00:00","dateModified":"2026-01-04T12:25:40+00:00","breadcrumb":{"@id":"https:\/\/www.parqueacuaticoantu.cl\/web\/formulario-revision\/#breadcrumb"},"inLanguage":"es-CL","potentialAction":[{"@type":"ReadAction","target":["https:\/\/www.parqueacuaticoantu.cl\/web\/formulario-revision\/"]}]},{"@type":"BreadcrumbList","@id":"https:\/\/www.parqueacuaticoantu.cl\/web\/formulario-revision\/#breadcrumb","itemListElement":[{"@type":"ListItem","position":1,"name":"Portada","item":"https:\/\/www.parqueacuaticoantu.cl\/web\/"},{"@type":"ListItem","position":2,"name":"Formulario revision"}]},{"@type":"WebSite","@id":"https:\/\/www.parqueacuaticoantu.cl\/web\/#website","url":"https:\/\/www.parqueacuaticoantu.cl\/web\/","name":"Parque Acuatico Antu de Quillon Piscinas y Toboganes","description":"Otro sitio de WordPress","potentialAction":[{"@type":"SearchAction","target":{"@type":"EntryPoint","urlTemplate":"https:\/\/www.parqueacuaticoantu.cl\/web\/?s={search_term_string}"},"query-input":{"@type":"PropertyValueSpecification","valueRequired":true,"valueName":"search_term_string"}}],"inLanguage":"es-CL"}]}},"_links":{"self":[{"href":"https:\/\/www.parqueacuaticoantu.cl\/web\/wp-json\/wp\/v2\/pages\/1817","targetHints":{"allow":["GET"]}}],"collection":[{"href":"https:\/\/www.parqueacuaticoantu.cl\/web\/wp-json\/wp\/v2\/pages"}],"about":[{"href":"https:\/\/www.parqueacuaticoantu.cl\/web\/wp-json\/wp\/v2\/types\/page"}],"author":[{"embeddable":true,"href":"https:\/\/www.parqueacuaticoantu.cl\/web\/wp-json\/wp\/v2\/users\/1"}],"replies":[{"embeddable":true,"href":"https:\/\/www.parqueacuaticoantu.cl\/web\/wp-json\/wp\/v2\/comments?post=1817"}],"version-history":[{"count":7,"href":"https:\/\/www.parqueacuaticoantu.cl\/web\/wp-json\/wp\/v2\/pages\/1817\/revisions"}],"predecessor-version":[{"id":1825,"href":"https:\/\/www.parqueacuaticoantu.cl\/web\/wp-json\/wp\/v2\/pages\/1817\/revisions\/1825"}],"wp:attachment":[{"href":"https:\/\/www.parqueacuaticoantu.cl\/web\/wp-json\/wp\/v2\/media?parent=1817"}],"curies":[{"name":"wp","href":"https:\/\/api.w.org\/{rel}","templated":true}]}}