{"id":1256,"date":"2022-06-01T00:32:06","date_gmt":"2022-06-01T03:32:06","guid":{"rendered":"https:\/\/www.parqueacuaticoantu.cl\/web\/?page_id=1256"},"modified":"2024-08-30T13:14:18","modified_gmt":"2024-08-30T16:14:18","slug":"cotizacion-curso-empresa","status":"publish","type":"page","link":"https:\/\/www.parqueacuaticoantu.cl\/web\/cotizacion-curso-empresa\/","title":{"rendered":"Cotizacion Curso Empresa"},"content":{"rendered":"<section class=\"l-section wpb_row us_custom_39ee0c00 height_large\"><div class=\"l-section-h i-cf\"><div class=\"g-cols vc_row via_grid cols_2 laptops-cols_inherit tablets-cols_inherit mobiles-cols_1 valign_top type_default stacking_default\"><div class=\"wpb_column vc_column_container\"><div class=\"vc_column-inner\">[vc_custom_heading text=&#8221;Cotiza tu Paseos de Curso aqu\u00ed&#8221; font_container=&#8221;tag:h1|text_align:left&#8221; use_theme_fonts=&#8221;yes&#8221;]<div class=\"wpb_text_column\"><div class=\"wpb_wrapper\"><p>Completa este formulario para cotizar tu paseo de curso, importante revisar el calendario de disponibilidad de diciembre.<\/p>\n<p>Recuerda que para concretar tu reserva se requiere del abono del 50% del paseo de curso y haber corroborado con administraci\u00f3n el d\u00eda disponible de diciembre.<\/p>\n<p><strong>Todo a trav\u00e9s de contacto@parqueacuaticoantu.cl<\/strong><\/p>\n<\/div><\/div><div class=\"w-separator size_small with_line width_50 thick_1 style_solid color_border align_center\"><div class=\"w-separator-h\"><\/div><\/div><\/div><\/div><div class=\"wpb_column vc_column_container\"><div class=\"vc_column-inner\">\n<div class=\"wpcf7 no-js\" id=\"wpcf7-f1670-o1\" lang=\"es-CL\" dir=\"ltr\" data-wpcf7-id=\"1670\">\n<div class=\"screen-reader-response\"><p role=\"status\" aria-live=\"polite\" aria-atomic=\"true\"><\/p> <ul><\/ul><\/div>\n<form action=\"\/web\/wp-json\/wp\/v2\/pages\/1256#wpcf7-f1670-o1\" method=\"post\" class=\"wpcf7-form init\" aria-label=\"Formulario de contacto\" novalidate=\"novalidate\" data-status=\"init\">\n<fieldset class=\"hidden-fields-container\"><input type=\"hidden\" name=\"_wpcf7\" value=\"1670\" \/><input type=\"hidden\" name=\"_wpcf7_version\" value=\"6.1.5\" \/><input type=\"hidden\" name=\"_wpcf7_locale\" value=\"es_CL\" \/><input type=\"hidden\" name=\"_wpcf7_unit_tag\" value=\"wpcf7-f1670-o1\" \/><input type=\"hidden\" name=\"_wpcf7_container_post\" value=\"0\" \/><input type=\"hidden\" name=\"_wpcf7_posted_data_hash\" value=\"\" \/>\n<\/fieldset>\n<p><label><span class=\"wpcf7-form-control-wrap\" data-name=\"your-name\"><input size=\"40\" maxlength=\"400\" class=\"wpcf7-form-control wpcf7-text wpcf7-validates-as-required\" aria-required=\"true\" aria-invalid=\"false\" placeholder=\"Nombre\" value=\"\" type=\"text\" name=\"your-name\" \/><\/span> <\/label>\n<\/p>\n<p><label><span class=\"wpcf7-form-control-wrap\" data-name=\"your-email\"><input size=\"40\" maxlength=\"400\" class=\"wpcf7-form-control wpcf7-email wpcf7-validates-as-required wpcf7-text wpcf7-validates-as-email\" aria-required=\"true\" aria-invalid=\"false\" placeholder=\"Email\" value=\"\" type=\"email\" name=\"your-email\" \/><\/span> <\/label>\n<\/p>\n<p><label><span class=\"wpcf7-form-control-wrap\" data-name=\"your-phone\"><input size=\"40\" maxlength=\"400\" class=\"wpcf7-form-control wpcf7-text wpcf7-validates-as-required\" aria-required=\"true\" aria-invalid=\"false\" placeholder=\"Telefono\" value=\"\" type=\"text\" name=\"your-phone\" \/><\/span> <\/label>\n<\/p>\n<p><label><span class=\"wpcf7-form-control-wrap\" data-name=\"your-message\"><textarea cols=\"40\" rows=\"10\" maxlength=\"2000\" class=\"wpcf7-form-control wpcf7-textarea\" aria-invalid=\"false\" name=\"your-message\"><\/textarea><\/span> <\/label>\n<\/p>\n<p><input class=\"wpcf7-form-control wpcf7-submit has-spinner\" type=\"submit\" value=\"Enviar Solicitud\" \/>\n<\/p><div class=\"wpcf7-response-output\" aria-hidden=\"true\"><\/div>\n<\/form>\n<\/div>\n<\/div><\/div><\/div><\/div><\/section>\n","protected":false},"excerpt":{"rendered":"[vc_custom_heading text=\"Cotiza tu Paseos de Curso aqu\u00ed\" font_container=\"tag:h1|text_align:left\" use_theme_fonts=\"yes\"]Completa este formulario para cotizar tu paseo de curso, importante revisar el calendario de disponibilidad de diciembre. Recuerda que para concretar tu reserva se requiere del abono del 50% del paseo de curso y haber corroborado con administraci\u00f3n el d\u00eda disponible de diciembre. Todo a trav\u00e9s de...","protected":false},"author":1,"featured_media":0,"parent":0,"menu_order":0,"comment_status":"closed","ping_status":"closed","template":"","meta":{"footnotes":""},"class_list":["post-1256","page","type-page","status-publish","hentry"],"yoast_head":"<!-- This site is optimized with the Yoast SEO plugin v27.4 - https:\/\/yoast.com\/product\/yoast-seo-wordpress\/ -->\n<title>Cotizacion Curso Empresa - Parque Acuatico Antu de Quillon Piscinas y Toboganes<\/title>\n<meta name=\"robots\" content=\"index, follow, max-snippet:-1, max-image-preview:large, max-video-preview:-1\" \/>\n<link rel=\"canonical\" href=\"https:\/\/www.parqueacuaticoantu.cl\/web\/cotizacion-curso-empresa\/\" \/>\n<meta property=\"og:locale\" content=\"es_ES\" \/>\n<meta property=\"og:type\" content=\"article\" \/>\n<meta property=\"og:title\" content=\"Cotizacion Curso Empresa - Parque Acuatico Antu de Quillon Piscinas y Toboganes\" \/>\n<meta property=\"og:url\" content=\"https:\/\/www.parqueacuaticoantu.cl\/web\/cotizacion-curso-empresa\/\" \/>\n<meta property=\"og:site_name\" content=\"Parque Acuatico Antu de Quillon Piscinas y Toboganes\" \/>\n<meta property=\"article:modified_time\" content=\"2024-08-30T16:14:18+00:00\" \/>\n<meta name=\"twitter:card\" content=\"summary_large_image\" \/>\n<meta name=\"twitter:label1\" content=\"Tiempo estimado de lectura\" \/>\n\t<meta name=\"twitter:data1\" content=\"1 minuto\" \/>\n<script type=\"application\/ld+json\" class=\"yoast-schema-graph\">{\"@context\":\"https:\\\/\\\/schema.org\",\"@graph\":[{\"@type\":\"WebPage\",\"@id\":\"https:\\\/\\\/www.parqueacuaticoantu.cl\\\/web\\\/cotizacion-curso-empresa\\\/\",\"url\":\"https:\\\/\\\/www.parqueacuaticoantu.cl\\\/web\\\/cotizacion-curso-empresa\\\/\",\"name\":\"Cotizacion Curso Empresa - Parque Acuatico Antu de Quillon Piscinas y Toboganes\",\"isPartOf\":{\"@id\":\"https:\\\/\\\/www.parqueacuaticoantu.cl\\\/web\\\/#website\"},\"datePublished\":\"2022-06-01T03:32:06+00:00\",\"dateModified\":\"2024-08-30T16:14:18+00:00\",\"breadcrumb\":{\"@id\":\"https:\\\/\\\/www.parqueacuaticoantu.cl\\\/web\\\/cotizacion-curso-empresa\\\/#breadcrumb\"},\"inLanguage\":\"es-CL\",\"potentialAction\":[{\"@type\":\"ReadAction\",\"target\":[\"https:\\\/\\\/www.parqueacuaticoantu.cl\\\/web\\\/cotizacion-curso-empresa\\\/\"]}]},{\"@type\":\"BreadcrumbList\",\"@id\":\"https:\\\/\\\/www.parqueacuaticoantu.cl\\\/web\\\/cotizacion-curso-empresa\\\/#breadcrumb\",\"itemListElement\":[{\"@type\":\"ListItem\",\"position\":1,\"name\":\"Portada\",\"item\":\"https:\\\/\\\/www.parqueacuaticoantu.cl\\\/web\\\/\"},{\"@type\":\"ListItem\",\"position\":2,\"name\":\"Cotizacion Curso Empresa\"}]},{\"@type\":\"WebSite\",\"@id\":\"https:\\\/\\\/www.parqueacuaticoantu.cl\\\/web\\\/#website\",\"url\":\"https:\\\/\\\/www.parqueacuaticoantu.cl\\\/web\\\/\",\"name\":\"Parque Acuatico Antu de Quillon Piscinas y Toboganes\",\"description\":\"Otro sitio de WordPress\",\"potentialAction\":[{\"@type\":\"SearchAction\",\"target\":{\"@type\":\"EntryPoint\",\"urlTemplate\":\"https:\\\/\\\/www.parqueacuaticoantu.cl\\\/web\\\/?s={search_term_string}\"},\"query-input\":{\"@type\":\"PropertyValueSpecification\",\"valueRequired\":true,\"valueName\":\"search_term_string\"}}],\"inLanguage\":\"es-CL\"}]}<\/script>\n<!-- \/ Yoast SEO plugin. -->","yoast_head_json":{"title":"Cotizacion Curso Empresa - Parque Acuatico Antu de Quillon Piscinas y Toboganes","robots":{"index":"index","follow":"follow","max-snippet":"max-snippet:-1","max-image-preview":"max-image-preview:large","max-video-preview":"max-video-preview:-1"},"canonical":"https:\/\/www.parqueacuaticoantu.cl\/web\/cotizacion-curso-empresa\/","og_locale":"es_ES","og_type":"article","og_title":"Cotizacion Curso Empresa - Parque Acuatico Antu de Quillon Piscinas y Toboganes","og_url":"https:\/\/www.parqueacuaticoantu.cl\/web\/cotizacion-curso-empresa\/","og_site_name":"Parque Acuatico Antu de Quillon Piscinas y Toboganes","article_modified_time":"2024-08-30T16:14:18+00:00","twitter_card":"summary_large_image","twitter_misc":{"Tiempo estimado de lectura":"1 minuto"},"schema":{"@context":"https:\/\/schema.org","@graph":[{"@type":"WebPage","@id":"https:\/\/www.parqueacuaticoantu.cl\/web\/cotizacion-curso-empresa\/","url":"https:\/\/www.parqueacuaticoantu.cl\/web\/cotizacion-curso-empresa\/","name":"Cotizacion Curso Empresa - Parque Acuatico Antu de Quillon Piscinas y Toboganes","isPartOf":{"@id":"https:\/\/www.parqueacuaticoantu.cl\/web\/#website"},"datePublished":"2022-06-01T03:32:06+00:00","dateModified":"2024-08-30T16:14:18+00:00","breadcrumb":{"@id":"https:\/\/www.parqueacuaticoantu.cl\/web\/cotizacion-curso-empresa\/#breadcrumb"},"inLanguage":"es-CL","potentialAction":[{"@type":"ReadAction","target":["https:\/\/www.parqueacuaticoantu.cl\/web\/cotizacion-curso-empresa\/"]}]},{"@type":"BreadcrumbList","@id":"https:\/\/www.parqueacuaticoantu.cl\/web\/cotizacion-curso-empresa\/#breadcrumb","itemListElement":[{"@type":"ListItem","position":1,"name":"Portada","item":"https:\/\/www.parqueacuaticoantu.cl\/web\/"},{"@type":"ListItem","position":2,"name":"Cotizacion Curso Empresa"}]},{"@type":"WebSite","@id":"https:\/\/www.parqueacuaticoantu.cl\/web\/#website","url":"https:\/\/www.parqueacuaticoantu.cl\/web\/","name":"Parque Acuatico Antu de Quillon Piscinas y Toboganes","description":"Otro sitio de WordPress","potentialAction":[{"@type":"SearchAction","target":{"@type":"EntryPoint","urlTemplate":"https:\/\/www.parqueacuaticoantu.cl\/web\/?s={search_term_string}"},"query-input":{"@type":"PropertyValueSpecification","valueRequired":true,"valueName":"search_term_string"}}],"inLanguage":"es-CL"}]}},"_links":{"self":[{"href":"https:\/\/www.parqueacuaticoantu.cl\/web\/wp-json\/wp\/v2\/pages\/1256","targetHints":{"allow":["GET"]}}],"collection":[{"href":"https:\/\/www.parqueacuaticoantu.cl\/web\/wp-json\/wp\/v2\/pages"}],"about":[{"href":"https:\/\/www.parqueacuaticoantu.cl\/web\/wp-json\/wp\/v2\/types\/page"}],"author":[{"embeddable":true,"href":"https:\/\/www.parqueacuaticoantu.cl\/web\/wp-json\/wp\/v2\/users\/1"}],"replies":[{"embeddable":true,"href":"https:\/\/www.parqueacuaticoantu.cl\/web\/wp-json\/wp\/v2\/comments?post=1256"}],"version-history":[{"count":21,"href":"https:\/\/www.parqueacuaticoantu.cl\/web\/wp-json\/wp\/v2\/pages\/1256\/revisions"}],"predecessor-version":[{"id":1671,"href":"https:\/\/www.parqueacuaticoantu.cl\/web\/wp-json\/wp\/v2\/pages\/1256\/revisions\/1671"}],"wp:attachment":[{"href":"https:\/\/www.parqueacuaticoantu.cl\/web\/wp-json\/wp\/v2\/media?parent=1256"}],"curies":[{"name":"wp","href":"https:\/\/api.w.org\/{rel}","templated":true}]}}